{"id":962,"date":"2019-11-21T13:38:18","date_gmt":"2019-11-21T13:38:18","guid":{"rendered":"https:\/\/iheart.polimi.it\/en\/?page_id=962"},"modified":"2025-02-21T08:52:50","modified_gmt":"2025-02-21T08:52:50","slug":"abcuore","status":"publish","type":"page","link":"https:\/\/iheart.polimi.it\/en\/it\/abcuore\/","title":{"rendered":"ABCuore"},"content":{"rendered":"\n<p><strong>Aneurisma dell\u2019aorta<\/strong>: nella maggior parte dei casi, \u00e8 causato dall\u2019aterosclerosi. Tra le altre possibili cause: la sifilide, i traumi, la degenerazione dello starto medio della parete arteriosa. Nel 75% dei casi l\u2019aneurisma si localizza a livello dell\u2019aorta addominale: i pi\u00f9 colpiti in questo caso sono uomini ultrasessantenni. La seconda in ordine di frequenza \u00e8 la localizzazione a livello dell\u2019aorta toracica, pi\u00f9 rara \u00e8 quella a livello dell\u2019aorta ascendentale.<br><\/p>\n\n\n\n<p><strong>Ateromasia<\/strong>: sinonimo di aterosclerosi&nbsp;&nbsp;<br><\/p>\n\n\n\n<p><strong>Aterosclerosi<\/strong>: \u00e8 una malattia delle arterie caratterizzata da restringimento o indurimento delle stesse. Nelle arterie si formano placche giallastre di materiale lipidico, proteico e fibroso, definite aretomi. Quando da questo processo sono interessate le arterie periferiche di piccolo calibro si parla di arteriosclerosi, mentre l\u2019aterosclerosi \u00e8 tipica delle arterie di tipo elastico. Si tratta sostanzialmente di un invecchiamento vascolare, l\u2019aterosclerosi si manifesta tipicamente con l\u2019avanzare dell\u2019et\u00e0, anche se il deposito delle placche inizia fin dalla giovane et\u00e0, specie in concomitanza con fattori di rischio quali cattiva alimentazione e fumo.<br><\/p>\n\n\n\n<p><strong>Idropericardio<\/strong>: versamento di natura non infiammatoria nella cavit\u00e0 pericardica, dovuta ad esempio a ritenzione idrica o insufficienza cardiaca. La trasudazione di liquido \u00e8 causata dall\u2019aumento della pressione idrostatica all\u2019interno delle vene intratoraciche, in conseguenza dell\u2019incapacit\u00e0 del cuore di espellere tutto il sangue in arrivo.<br><\/p>\n\n\n\n<p><strong>Ipertrofia cardiaca<\/strong>: inspessimento del muscolo cardiaco consistente in un ingrossamento delle miofibrille che costituiscono la parte muscolare del cuore.&nbsp; L\u2019ipertrofia pu\u00f2 essere un fenomeno fisiologico (inteso come semplice adattamento di un cuore sano allo sforzo fisico) oppure un fenomeno patologico.&nbsp; Alcune tra le cause pi\u00f9 frequenti del fenomeno patologico sono l\u2019ipertensione arteriosa, alle malattie delle valvole cardiache, alla cardiopatia ischemica.<br><\/p>\n\n\n\n<p><strong>Mixoma cardiaco<\/strong>: neoplasia composta da cellule mesenchimali che possono sorgere isolatamente (90-95% dei casi) o a seguito di una sindrome (il complesso di Carney). L\u2019istogenesi di questo tipo di tumore non \u00e8 stata ancora individuata. Il 75% dei mixomi si sviluppa nell\u2019atrio sinistro, il resto nell\u2019atrio destro e una percentuale piuttosto bassa si sviluppa nelle valvole. Lo spettro clinico pu\u00f2 essere molto ampio: ci pu\u00f2 essere una totale assenza di sintomi, oppure si pu\u00f2 manifestare la cosiddetta triade del mixoma, che comprende fenomeni embolici, ostruzione del flusso intracardiacale, battito cardiaco accelerato e sintomi costituzionali. Questa sintomatologia \u00e8 per\u00f2 poco specifica e potrebbe quindi essere diagnosticata erroneamente dai medici.<\/p>\n","protected":false},"excerpt":{"rendered":"<p>Aneurisma dell\u2019aorta: nella maggior parte dei casi, \u00e8 causato dall\u2019aterosclerosi. Tra le altre possibili cause: la sifilide, i traumi, la degenerazione dello starto medio della parete arteriosa. Nel 75% dei casi l\u2019aneurisma si localizza a livello dell\u2019aorta addominale: i pi\u00f9 colpiti in questo caso sono uomini ultrasessantenni. La seconda in [&hellip;]<\/p>\n","protected":false},"author":2,"featured_media":0,"parent":0,"menu_order":0,"comment_status":"closed","ping_status":"closed","template":"","meta":{"footnotes":""},"class_list":["post-962","page","type-page","status-publish","hentry"],"_links":{"self":[{"href":"https:\/\/iheart.polimi.it\/en\/wp-json\/wp\/v2\/pages\/962","targetHints":{"allow":["GET"]}}],"collection":[{"href":"https:\/\/iheart.polimi.it\/en\/wp-json\/wp\/v2\/pages"}],"about":[{"href":"https:\/\/iheart.polimi.it\/en\/wp-json\/wp\/v2\/types\/page"}],"author":[{"embeddable":true,"href":"https:\/\/iheart.polimi.it\/en\/wp-json\/wp\/v2\/users\/2"}],"replies":[{"embeddable":true,"href":"https:\/\/iheart.polimi.it\/en\/wp-json\/wp\/v2\/comments?post=962"}],"version-history":[{"count":1,"href":"https:\/\/iheart.polimi.it\/en\/wp-json\/wp\/v2\/pages\/962\/revisions"}],"predecessor-version":[{"id":963,"href":"https:\/\/iheart.polimi.it\/en\/wp-json\/wp\/v2\/pages\/962\/revisions\/963"}],"wp:attachment":[{"href":"https:\/\/iheart.polimi.it\/en\/wp-json\/wp\/v2\/media?parent=962"}],"curies":[{"name":"wp","href":"https:\/\/api.w.org\/{rel}","templated":true}]}}