{"id":1537,"date":"2022-07-08T11:31:52","date_gmt":"2022-07-08T11:31:52","guid":{"rendered":"https:\/\/iheart.polimi.it\/en\/?page_id=1537"},"modified":"2025-02-21T08:52:50","modified_gmt":"2025-02-21T08:52:50","slug":"cookie-policy","status":"publish","type":"page","link":"https:\/\/iheart.polimi.it\/en\/cookie-policy\/","title":{"rendered":"Cookie Policy"},"content":{"rendered":"\n<p>La presente Cookie Policy \u00e8 relativa al sito&nbsp;<strong>https:\/\/iheart.polimi.it<\/strong>&nbsp;gestito da Dipartimento di Matematica del Politecnico di Milano, P.IVA 04376620151 C.F. 80057930150<\/p>\n\n\n\n<p><strong>Il sito utilizza solo cookie di tipo tecnico, elencati nella tabella sottostante. La presenza di questi cookie non \u00e8 eliminabile, quindi continuando con la navigazione si accetta implicitamente il loro utilizzo.<\/strong><br>Nessuna informazione personale del visitatore viene registrata o utilizzata, neanche temporaneamente.<\/p>\n\n\n\n<figure class=\"wp-block-table\"><table class=\"has-fixed-layout\"><tbody><tr><td><strong>Nome<\/strong>&nbsp;<\/td><td><strong>Origine<\/strong>&nbsp;<\/td><td><strong>Funzione<\/strong>&nbsp;<\/td><td><strong>Durata<\/strong>&nbsp;<\/td><\/tr><tr><td>pll_language&nbsp;<\/td><td>PolyLang<\/td><td>Il cookie \u00e8 utilizzato per memorizzare, all&#8217;interno di una sessione, la lingua in cui il sito \u00e8 mostrato&nbsp;<\/td><td>Sessione&nbsp;<\/td><\/tr><\/tbody><\/table><\/figure>\n\n\n\n<div class=\"wp-block-group\"><div class=\"wp-block-group__inner-container is-layout-flow wp-block-group-is-layout-flow\"><\/div><\/div>\n\n\n\n<p><\/p>\n\n\n\n<p>Le seguenti informazioni sono di carattere generale e non si applicano interamente al presente sito: la loro funzione \u00e8 di istruire il visitatore sulla tecnologia dei cookie.<\/p>\n\n\n\n<p>I cookies sono stringhe di testo di piccole dimensioni inviate all\u2019utente del sito web visitato, che vengono memorizzati nel device degli utenti e consentono al sito web di riconoscere gli utenti e memorizzare determinate informazioni su di loro. I cookies possono essere recuperati durante le visite successive.<\/p>\n\n\n\n<p>1. Tipologia di cookies<\/p>\n\n\n\n<p>\u00b7 Cookies tecnici: sono utilizzati per finalit\u00e0 strettamente connesse al corretto funzionamento del sito;<\/p>\n\n\n\n<p>\u00b7 Cookies analytics: sono equiparabili ai cookies tecnici e agli altri identificatori se vengono utilizzati unicamente per produrre statistiche aggregate e in relazione ad un singolo sito o una sola applicazione mobile; viene mascherata, per quelli di terze parti, almeno la quarta componente dell\u2019indirizzo IP; le terze parti si astengono dal combinare i cookie analytics, cos\u00ec minimizzati, con altre elaborazioni o dal trasmetterli ad ulteriori terzi. <strong>Il sito iheart.polimi.it non utilizza cookie di questa tipologia.<\/strong><\/p>\n\n\n\n<p>\u00b7 Cookie di profilazione: consentono di ottenere informazioni sull\u2019utente e possono essere impiegati per usi non richiesti, come ad esempio la visualizzazione di messaggi pubblicitari in linea con le preferenze manifestate dallo stesso durante la navigazione. <strong>Il sito iheart.polimi.it non utilizza cookie di questa tipologia.<\/strong><\/p>\n\n\n\n<p>\u00b7 Cookies di Condivisione (Social Buttons Plugins e Widget)1:a volte possono essere presenti \u201cpulsanti\u201d (denominati \u201csocial buttons\/widgets\u201d) che raffigurano le icone di social network o altri servizi (ad esempio Facebook, Twitter, Instagram ecc.). Questi bottoni consentono agli utenti che stanno navigando sul sito di interagire con un \u201cclick\u201d direttamente con i social network ivi raffigurati. Al fine di permettere agli utenti di conoscere modalit\u00e0 e finalit\u00e0 dei trattamenti delle informazioni degli utenti da parte delle terze parti, \u00e8 bene prendere visione delle informative privacy e delle cookie policy delle terze parti coinvolte. Nel caso specifico l\u2019utente pu\u00f2 visitare:<\/p>\n\n\n\n<p>\u2013 https:\/\/www.facebook.com\/policy\/cookies\/<br>\u2013 https:\/\/help.twitter.com\/it\/rules-and-policies\/twitter-cookies<br>\u2013 https:\/\/instagram.com\/legal\/cookies\/<br>\u2013 https:\/\/it.linkedin.com\/legal\/cookie-policy<br>\u2013 https:\/\/www.apple.com\/legal\/privacy\/it\/cookies\/ [per ITunes]<br>\u2013 https:\/\/policies.google.com\/technologies\/cookies?hl=it [per Youtube]<\/p>\n\n\n\n<p><strong>Il sito iheart.polimi.it non utilizza cookie di questa tipologia.<\/strong><\/p>\n\n\n\n<p>2. Base giuridica del trattamento<\/p>\n\n\n\n<p>I dati personali indicati in questa pagina sono trattati dall\u2019Ateneo nell\u2019esecuzione dei propri compiti di interesse pubblico o comunque connessi all\u2019esercizio dei propri pubblici poteri, ivi incluso il compito svolgere attivit\u00e0 di informazione e di comunicazione istituzionale ai sensi della legge n. 150\/2000 e del D.R. 271\/2009. La base giuridica per il trattamento dei cookie di profilazione o altri strumenti di tracciamento similari sopra descritti \u00e8 da rinvenirsi nel consenso di cui all\u2019art. 6, paragrafo 1, lett. a) del Regolamento (UE) 2016\/679.<\/p>\n\n\n\n<p>3. Gestione dei cookies<\/p>\n\n\n\n<p>La maggior parte dei browser accetta automaticamente i cookies, ma l\u2019utente normalmente pu\u00f2 modificare le impostazioni per disabilitare tale funzione. \u00c8 possibile bloccare tutte le tipologie di cookies, oppure accettare di riceverne soltanto alcuni e disabilitarne altri. Le sezioni \u201cOpzioni\u201d o \u201cPreferenze\u201d nel menu del browser permettono di evitare la ricezione di cookies e altre tecnologie di tracciamento utente, e come ottenere notifica dal browser dell\u2019attivazione di queste tecnologie. In alternativa, \u00e8 anche possibile consultare la sezione \u201cAiuto\u201d della barra degli strumenti presente nella maggior parte dei browser.<\/p>\n\n\n\n<p>\u00c8 possibile selezionare il browser utilizzato dalla lista di seguito e seguire le istruzioni: \u2013 Microsoft Edge; \u2013 Chrome; \u2013 Safari; \u2013 Firefox; \u2013 Opera. Da dispositivo mobile: \u2013 Android; \u2013 Safari;<\/p>\n\n\n\n<p>Di seguito si indicano i link che spiegano come gestire o disabilitare i cookie per i browser Internet pi\u00f9 diffusi:<\/p>\n\n\n\n<p>\u2013 Microsoft Edge: https:\/\/support.microsoft.com\/it-it\/microsoft-edge\/eliminare-i-cookie-in-microsoft-edge-63947406-40ac-c3b8-57b9-2a946a29ae09<br>\u2013 Google Chrome: https:\/\/support.google.com\/chrome\/answer\/95647<br>\u2013 Mozilla Firefox: http:\/\/support.mozilla.org\/it\/kb\/Gestione%20dei%20cookie<br>\u2013 Opera: http:\/\/help.opera.com\/Windows\/10.00\/it\/cookies.html<br>\u2013 Safari: https:\/\/support.apple.com\/it-it\/guide\/safari\/sfri11471\/mac<\/p>\n\n\n\n<p>Per maggiori informazioni sui cookie e sulle loro funzioni generali, visita un sito Web informativo come www.allaboutcookies.org oppure https:\/\/www.garanteprivacy.it\/faq\/cookie.<\/p>\n\n\n\n<p>La disabilitazione dei cookies potrebbe limitare la possibilit\u00e0 di usare un sito e impedire di beneficiare in pieno delle funzionalit\u00e0 e dei servizi.<\/p>\n\n\n\n<p>COLLEGAMENTI AD ALTRI SITI<br>Alcune pagine di questo sito possono contenere link ad altri siti web che non sono gestiti dal Dipartimento di Matematica del Politecnico di Milano. Il Dipartimento di Matematica del Politecnico di Milano non \u00e8 in alcun modo responsabile della cookie policy applicata da altri siti.<\/p>\n\n\n\n<p>Ultimo aggiornamento: 8 luglio 2022<\/p>\n","protected":false},"excerpt":{"rendered":"<p>La presente Cookie Policy \u00e8 relativa al sito&nbsp;https:\/\/iheart.polimi.it&nbsp;gestito da Dipartimento di Matematica del Politecnico di Milano, P.IVA 04376620151 C.F. 80057930150 Il sito utilizza solo cookie di tipo tecnico, elencati nella tabella sottostante. La presenza di questi cookie non \u00e8 eliminabile, quindi continuando con la navigazione si accetta implicitamente il loro [&hellip;]<\/p>\n","protected":false},"author":2,"featured_media":0,"parent":0,"menu_order":0,"comment_status":"closed","ping_status":"closed","template":"","meta":{"footnotes":""},"class_list":["post-1537","page","type-page","status-publish","hentry"],"_links":{"self":[{"href":"https:\/\/iheart.polimi.it\/en\/wp-json\/wp\/v2\/pages\/1537","targetHints":{"allow":["GET"]}}],"collection":[{"href":"https:\/\/iheart.polimi.it\/en\/wp-json\/wp\/v2\/pages"}],"about":[{"href":"https:\/\/iheart.polimi.it\/en\/wp-json\/wp\/v2\/types\/page"}],"author":[{"embeddable":true,"href":"https:\/\/iheart.polimi.it\/en\/wp-json\/wp\/v2\/users\/2"}],"replies":[{"embeddable":true,"href":"https:\/\/iheart.polimi.it\/en\/wp-json\/wp\/v2\/comments?post=1537"}],"version-history":[{"count":3,"href":"https:\/\/iheart.polimi.it\/en\/wp-json\/wp\/v2\/pages\/1537\/revisions"}],"predecessor-version":[{"id":1542,"href":"https:\/\/iheart.polimi.it\/en\/wp-json\/wp\/v2\/pages\/1537\/revisions\/1542"}],"wp:attachment":[{"href":"https:\/\/iheart.polimi.it\/en\/wp-json\/wp\/v2\/media?parent=1537"}],"curies":[{"name":"wp","href":"https:\/\/api.w.org\/{rel}","templated":true}]}}